{"id":1542,"date":"2021-09-14T23:50:50","date_gmt":"2021-09-14T23:50:50","guid":{"rendered":"https:\/\/gulavisual.site\/?page_id=1542"},"modified":"2022-03-09T18:32:44","modified_gmt":"2022-03-09T18:32:44","slug":"fusoes-e-aquisicoes-e-corporate-finance","status":"publish","type":"page","link":"https:\/\/ecs-excellent.com\/pt-pt\/fusoes-e-aquisicoes-e-corporate-finance\/","title":{"rendered":"Fus\u00f5es e Aquisi\u00e7\u00f5es e Corporate Finance"},"content":{"rendered":"<p><div class=\"fusion-bg-parallax\" data-bg-align=\"center center\" data-direction=\"up\" data-mute=\"false\" data-opacity=\"100\" data-velocity=\"-0.3\" data-mobile-enabled=\"false\" data-break_parents=\"0\" data-bg-image=\"https:\/\/ecs-excellent.com\/wp-content\/uploads\/2021\/09\/credit_rating_advice_header_bg-1.jpg\" data-bg-repeat=\"false\" ><\/div><div class=\"fusion-fullwidth fullwidth-box fusion-builder-row-1 fusion-flex-container fusion-parallax-up nonhundred-percent-fullwidth non-hundred-percent-height-scrolling\" style=\"--awb-border-sizes-top:0px;--awb-border-sizes-bottom:0px;--awb-border-sizes-left:0px;--awb-border-sizes-right:0px;--awb-border-radius-top-left:0px;--awb-border-radius-top-right:0px;--awb-border-radius-bottom-right:0px;--awb-border-radius-bottom-left:0px;--awb-padding-top:110px;--awb-padding-bottom:110px;--awb-background-image:url(&quot;https:\/\/ecs-excellent.com\/wp-content\/uploads\/2021\/09\/credit_rating_advice_header_bg-1.jpg&quot;);--awb-background-size:cover;--awb-flex-wrap:wrap;\" ><div class=\"fusion-builder-row fusion-row fusion-flex-align-items-flex-start fusion-flex-justify-content-center fusion-flex-content-wrap\" style=\"max-width:1216.8px;margin-left: calc(-4% \/ 2 );margin-right: calc(-4% \/ 2 );\"><div class=\"fusion-layout-column fusion_builder_column fusion-builder-column-0 fusion_builder_column_1_1 1_1 fusion-flex-column\" style=\"--awb-bg-size:cover;--awb-width-large:100%;--awb-margin-top-large:3%;--awb-spacing-right-large:1.92%;--awb-margin-bottom-large:3%;--awb-spacing-left-large:1.92%;--awb-width-medium:100%;--awb-spacing-right-medium:1.92%;--awb-spacing-left-medium:1.92%;--awb-width-small:100%;--awb-spacing-right-small:1.92%;--awb-spacing-left-small:1.92%;\"><div class=\"fusion-column-wrapper fusion-flex-justify-content-flex-start fusion-content-layout-column\"><div class=\"fusion-title title fusion-title-1 fusion-sep-none fusion-title-center fusion-title-text fusion-title-size-two\" style=\"--awb-text-color:#ffffff;--awb-font-size:42px;\"><h2 class=\"fusion-title-heading title-heading-center fusion-responsive-typography-calculated\" style=\"margin:0;font-size:1em;--fontSize:42;line-height:1.1;\">\u201cA IBB presta assessoria em todo o processo negocial, apoiando o cliente em todas as fases do processo.\u201d<\/h2><\/div><\/div><\/div><\/div><\/div><div class=\"fusion-fullwidth fullwidth-box fusion-builder-row-2 fusion-flex-container nonhundred-percent-fullwidth non-hundred-percent-height-scrolling\" style=\"--awb-background-position:left top;--awb-border-sizes-top:0px;--awb-border-sizes-bottom:0px;--awb-border-sizes-left:0px;--awb-border-sizes-right:0px;--awb-border-radius-top-left:0px;--awb-border-radius-top-right:0px;--awb-border-radius-bottom-right:0px;--awb-border-radius-bottom-left:0px;--awb-padding-top:80px;--awb-padding-bottom:20px;--awb-padding-bottom-small:30px;--awb-background-color:#f9f9f9;--awb-flex-wrap:wrap;\" ><div class=\"fusion-builder-row fusion-row fusion-flex-align-items-flex-start fusion-flex-content-wrap\" style=\"max-width:calc( 1170px + 0px );margin-left: calc(-0px \/ 2 );margin-right: calc(-0px \/ 2 );\"><div class=\"fusion-layout-column fusion_builder_column fusion-builder-column-1 fusion_builder_column_1_1 1_1 fusion-flex-column\" style=\"--awb-padding-top:2%;--awb-padding-right:11%;--awb-padding-bottom:2%;--awb-padding-left:11%;--awb-bg-size:cover;--awb-width-large:100%;--awb-margin-top-large:0px;--awb-spacing-right-large:0px;--awb-margin-bottom-large:20px;--awb-spacing-left-large:0px;--awb-width-medium:100%;--awb-spacing-right-medium:0px;--awb-spacing-left-medium:0px;--awb-width-small:100%;--awb-spacing-right-small:0px;--awb-spacing-left-small:0px;\"><div class=\"fusion-column-wrapper fusion-flex-justify-content-center fusion-content-layout-column\"><div class=\"fusion-title title fusion-title-2 fusion-sep-none fusion-title-center fusion-title-text fusion-title-size-two\"><h2 class=\"fusion-title-heading title-heading-center fusion-responsive-typography-calculated\" style=\"margin:0;--fontSize:36;line-height:1.1;\">Fus\u00f5es e Aquisi\u00e7\u00f5es e Corporate Finance<\/h2><\/div><div class=\"fusion-separator\" style=\"align-self: center;margin-left: auto;margin-right: auto;margin-top:0px;margin-bottom:35px;width:100%;max-width:100px;\"><div class=\"fusion-separator-border sep-single sep-solid\" style=\"--awb-height:20px;--awb-amount:20px;--awb-sep-color:#007ca2;border-color:#007ca2;border-top-width:2px;\"><\/div><\/div><div class=\"fusion-text fusion-text-1\" style=\"--awb-text-transform:none;\"><p style=\"text-align: center;\">A IBB International Business Brokerage proporciona aos seus clientes solu\u00e7\u00f5es na \u00e1rea de corporate finance, trabalhando em parceria com a banca de investimento, sociedades de capital de risco, fundos de private equity, redes de business angels nacionais e internacionais, respondendo \u00e0s especificidades de cada opera\u00e7\u00e3o.<\/p>\n<p style=\"text-align: center;\">A globaliza\u00e7\u00e3o acelerada da economia e o r\u00e1pido alargamento dos mercados comerciais, financeiros e de capitais; o ambiente altamente competitivo; a conjuntura desfavor\u00e1vel e a crescente dificuldade de acesso \u00e0s fontes tradicionais de financiamento, colocam desafios acrescidos \u00e0s empresas.<\/p>\n<p style=\"text-align: center;\">A reorienta\u00e7\u00e3o permanente das suas estrat\u00e9gias de crescimento, e o acesso a fontes alternativas de financiamento constituem op\u00e7\u00f5es t\u00e1ticas e fatores cr\u00edticos para atingir um posicionamento favor\u00e1vel no emergente mercado global por parte das empresas.<\/p>\n<p style=\"text-align: center;\">Face ao exposto, a IBB International Business Brokerage responde a este tipo de necessidades, assessorando as empresas suas clientes na defini\u00e7\u00e3o de estrat\u00e9gias de crescimento via opera\u00e7\u00f5es de concentra\u00e7\u00e3o \u2013 fus\u00f5es &amp; aquisi\u00e7\u00f5es, identificando as melhores solu\u00e7\u00f5es de acesso ao capital de modo a financiar as mesmas.<\/p>\n<p style=\"text-align: center;\">Assim, poder-se-\u00e1 estruturar variados tipos de transa\u00e7\u00f5es, mediante as especificidades da empresa e seus acionistas.<\/p>\n<\/div><div class=\"fusion-separator fusion-full-width-sep\" style=\"align-self: center;margin-left: auto;margin-right: auto;margin-top:20px;width:100%;\"><\/div><\/div><\/div><\/div><\/div><div class=\"fusion-fullwidth fullwidth-box fusion-builder-row-3 fusion-flex-container nonhundred-percent-fullwidth non-hundred-percent-height-scrolling\" style=\"--awb-background-position:left top;--awb-border-sizes-top:0px;--awb-border-sizes-bottom:0px;--awb-border-sizes-left:0px;--awb-border-sizes-right:0px;--awb-border-radius-top-left:0px;--awb-border-radius-top-right:0px;--awb-border-radius-bottom-right:0px;--awb-border-radius-bottom-left:0px;--awb-padding-top:100px;--awb-padding-bottom:120px;--awb-padding-bottom-small:80px;--awb-flex-wrap:wrap;\" ><div class=\"fusion-builder-row fusion-row fusion-flex-align-items-flex-start fusion-flex-justify-content-center fusion-flex-content-wrap\" style=\"max-width:1216.8px;margin-left: calc(-4% \/ 2 );margin-right: calc(-4% \/ 2 );\"><div class=\"fusion-layout-column fusion_builder_column fusion-builder-column-2 fusion_builder_column_1_2 1_2 fusion-flex-column\" style=\"--awb-bg-size:cover;--awb-width-large:50%;--awb-margin-top-large:0px;--awb-spacing-right-large:3.84%;--awb-margin-bottom-large:0px;--awb-spacing-left-large:3.84%;--awb-width-medium:100%;--awb-spacing-right-medium:1.92%;--awb-spacing-left-medium:1.92%;--awb-width-small:100%;--awb-spacing-right-small:1.92%;--awb-spacing-left-small:1.92%;\"><div class=\"fusion-column-wrapper fusion-flex-justify-content-flex-start fusion-content-layout-column\"><div class=\"accordian fusion-accordian\" style=\"--awb-border-size:1px;--awb-icon-size:13px;--awb-content-font-size:15px;--awb-icon-alignment:left;--awb-hover-color:rgba(251,251,251,0.71);--awb-border-color:#ebebeb;--awb-background-color:#ffffff;--awb-divider-color:#e0dede;--awb-divider-hover-color:#e0dede;--awb-icon-color:#ffffff;--awb-title-color:#213d65;--awb-content-color:#808080;--awb-icon-box-color:#007ca2;--awb-toggle-hover-accent-color:#0b326b;--awb-title-font-family:&quot;Playfair Display&quot;;--awb-title-font-weight:400;--awb-title-font-style:normal;--awb-title-font-size:18px;--awb-title-letter-spacing:0px;--awb-title-line-height:1.5;--awb-content-font-family:&quot;Roboto&quot;;--awb-content-font-style:normal;--awb-content-font-weight:400;\"><div class=\"panel-group fusion-toggle-icon-boxed\" id=\"accordion-1542-1\"><div class=\"fusion-panel panel-default panel-2b1cbfedd802441c5 fusion-toggle-no-divider fusion-toggle-boxed-mode\"><div class=\"panel-heading\"><h4 class=\"panel-title toggle\" id=\"toggle_2b1cbfedd802441c5\"><a aria-expanded=\"false\" aria-controls=\"2b1cbfedd802441c5\" role=\"button\" data-toggle=\"collapse\" data-parent=\"#accordion-1542-1\" data-target=\"#2b1cbfedd802441c5\" href=\"#2b1cbfedd802441c5\"><span class=\"fusion-toggle-icon-wrapper\" aria-hidden=\"true\"><i class=\"fa-fusion-box active-icon awb-icon-minus\" aria-hidden=\"true\"><\/i><i class=\"fa-fusion-box inactive-icon awb-icon-plus\" aria-hidden=\"true\"><\/i><\/span><span class=\"fusion-toggle-heading\">Management Buyout (MBO)<\/span><\/a><\/h4><\/div><div id=\"2b1cbfedd802441c5\" class=\"panel-collapse collapse \" aria-labelledby=\"toggle_2b1cbfedd802441c5\"><div class=\"panel-body toggle-content fusion-clearfix\">\n<p>Aquisi\u00e7\u00e3o (buyout) do controlo de empresa pela respetiva equipa de gest\u00e3o ou pelos seus s\u00f3cios minorit\u00e1rios, recorrendo a financiamento via entrada de paceiros financeiros.<\/p>\n<\/div><\/div><\/div><div class=\"fusion-panel panel-default panel-7a170464fae9f95d2 fusion-toggle-no-divider fusion-toggle-boxed-mode\"><div class=\"panel-heading\"><h4 class=\"panel-title toggle\" id=\"toggle_7a170464fae9f95d2\"><a aria-expanded=\"false\" aria-controls=\"7a170464fae9f95d2\" role=\"button\" data-toggle=\"collapse\" data-parent=\"#accordion-1542-1\" data-target=\"#7a170464fae9f95d2\" href=\"#7a170464fae9f95d2\"><span class=\"fusion-toggle-icon-wrapper\" aria-hidden=\"true\"><i class=\"fa-fusion-box active-icon awb-icon-minus\" aria-hidden=\"true\"><\/i><i class=\"fa-fusion-box inactive-icon awb-icon-plus\" aria-hidden=\"true\"><\/i><\/span><span class=\"fusion-toggle-heading\">Buyin Management Buyout (BIMBO)<\/span><\/a><\/h4><\/div><div id=\"7a170464fae9f95d2\" class=\"panel-collapse collapse \" aria-labelledby=\"toggle_7a170464fae9f95d2\"><div class=\"panel-body toggle-content fusion-clearfix\">\n<p>Combina\u00e7\u00e3o entre MBO e MBI.<\/p>\n<\/div><\/div><\/div><div class=\"fusion-panel panel-default panel-11f040b21f054df09 fusion-toggle-no-divider fusion-toggle-boxed-mode\"><div class=\"panel-heading\"><h4 class=\"panel-title toggle\" id=\"toggle_11f040b21f054df09\"><a aria-expanded=\"false\" aria-controls=\"11f040b21f054df09\" role=\"button\" data-toggle=\"collapse\" data-parent=\"#accordion-1542-1\" data-target=\"#11f040b21f054df09\" href=\"#11f040b21f054df09\"><span class=\"fusion-toggle-icon-wrapper\" aria-hidden=\"true\"><i class=\"fa-fusion-box active-icon awb-icon-minus\" aria-hidden=\"true\"><\/i><i class=\"fa-fusion-box inactive-icon awb-icon-plus\" aria-hidden=\"true\"><\/i><\/span><span class=\"fusion-toggle-heading\">Leveraged Buyout (LBO)<\/span><\/a><\/h4><\/div><div id=\"11f040b21f054df09\" class=\"panel-collapse collapse \" aria-labelledby=\"toggle_11f040b21f054df09\"><div class=\"panel-body toggle-content fusion-clearfix\">\n<p>Aquisi\u00e7\u00e3o de uma empresa, financiada com uma elevada componente de d\u00edvida, recorrendo a financiamento via entrada de paceiros financeiros, designadamente fundos de private equity.<\/p>\n<\/div><\/div><\/div><div class=\"fusion-panel panel-default panel-587e7429292338f43 fusion-toggle-no-divider fusion-toggle-boxed-mode\"><div class=\"panel-heading\"><h4 class=\"panel-title toggle\" id=\"toggle_587e7429292338f43\"><a aria-expanded=\"false\" aria-controls=\"587e7429292338f43\" role=\"button\" data-toggle=\"collapse\" data-parent=\"#accordion-1542-1\" data-target=\"#587e7429292338f43\" href=\"#587e7429292338f43\"><span class=\"fusion-toggle-icon-wrapper\" aria-hidden=\"true\"><i class=\"fa-fusion-box active-icon awb-icon-minus\" aria-hidden=\"true\"><\/i><i class=\"fa-fusion-box inactive-icon awb-icon-plus\" aria-hidden=\"true\"><\/i><\/span><span class=\"fusion-toggle-heading\">Owners Buyout (OBO)<\/span><\/a><\/h4><\/div><div id=\"587e7429292338f43\" class=\"panel-collapse collapse \" aria-labelledby=\"toggle_587e7429292338f43\"><div class=\"panel-body toggle-content fusion-clearfix\">\n<p>Buyout no qual alguns dos acionistas-gestores da empresa adquirem uma \u00e1rea de neg\u00f3cio ou a pr\u00f3pria empresa aos restantes, refor\u00e7ando a sua posi\u00e7\u00e3o e sendo apoiados por parceiros financeiros.<\/p>\n<\/div><\/div><\/div><\/div><\/div><\/div><\/div><div class=\"fusion-layout-column fusion_builder_column fusion-builder-column-3 fusion_builder_column_1_2 1_2 fusion-flex-column\" style=\"--awb-bg-size:cover;--awb-width-large:50%;--awb-margin-top-large:0px;--awb-spacing-right-large:3.84%;--awb-margin-bottom-large:20px;--awb-spacing-left-large:3.84%;--awb-width-medium:100%;--awb-spacing-right-medium:1.92%;--awb-spacing-left-medium:1.92%;--awb-width-small:100%;--awb-spacing-right-small:1.92%;--awb-spacing-left-small:1.92%;\"><div class=\"fusion-column-wrapper fusion-flex-justify-content-flex-start fusion-content-layout-column\"><div class=\"accordian fusion-accordian\" style=\"--awb-border-size:1px;--awb-icon-size:13px;--awb-content-font-size:15px;--awb-icon-alignment:left;--awb-hover-color:rgba(251,251,251,0.71);--awb-border-color:#ebebeb;--awb-background-color:#ffffff;--awb-divider-color:#e0dede;--awb-divider-hover-color:#e0dede;--awb-icon-color:#ffffff;--awb-title-color:#213d65;--awb-content-color:#808080;--awb-icon-box-color:#007ca2;--awb-toggle-hover-accent-color:#0b326b;--awb-title-font-family:&quot;Playfair Display&quot;;--awb-title-font-weight:400;--awb-title-font-style:normal;--awb-title-font-size:18px;--awb-title-letter-spacing:0px;--awb-title-line-height:1.5;--awb-content-font-family:&quot;Roboto&quot;;--awb-content-font-style:normal;--awb-content-font-weight:400;\"><div class=\"panel-group fusion-toggle-icon-boxed\" id=\"accordion-1542-2\"><div class=\"fusion-panel panel-default panel-3508e014b64616c43 fusion-toggle-no-divider fusion-toggle-boxed-mode\"><div class=\"panel-heading\"><h4 class=\"panel-title toggle\" id=\"toggle_3508e014b64616c43\"><a aria-expanded=\"false\" aria-controls=\"3508e014b64616c43\" role=\"button\" data-toggle=\"collapse\" data-parent=\"#accordion-1542-2\" data-target=\"#3508e014b64616c43\" href=\"#3508e014b64616c43\"><span class=\"fusion-toggle-icon-wrapper\" aria-hidden=\"true\"><i class=\"fa-fusion-box active-icon awb-icon-minus\" aria-hidden=\"true\"><\/i><i class=\"fa-fusion-box inactive-icon awb-icon-plus\" aria-hidden=\"true\"><\/i><\/span><span class=\"fusion-toggle-heading\">Management Buyin (MBI)<\/span><\/a><\/h4><\/div><div id=\"3508e014b64616c43\" class=\"panel-collapse collapse \" aria-labelledby=\"toggle_3508e014b64616c43\"><div class=\"panel-body toggle-content fusion-clearfix\">\n<p>Aquisi\u00e7\u00e3o do controlo de empresa por equipa de gest\u00e3o externa, recorrendo a financiamento via entrada de paceiros financeiros, designadamente fundos de private equity.<\/p>\n<\/div><\/div><\/div><div class=\"fusion-panel panel-default panel-501fce696fc3567f0 fusion-toggle-no-divider fusion-toggle-boxed-mode\"><div class=\"panel-heading\"><h4 class=\"panel-title toggle\" id=\"toggle_501fce696fc3567f0\"><a aria-expanded=\"false\" aria-controls=\"501fce696fc3567f0\" role=\"button\" data-toggle=\"collapse\" data-parent=\"#accordion-1542-2\" data-target=\"#501fce696fc3567f0\" href=\"#501fce696fc3567f0\"><span class=\"fusion-toggle-icon-wrapper\" aria-hidden=\"true\"><i class=\"fa-fusion-box active-icon awb-icon-minus\" aria-hidden=\"true\"><\/i><i class=\"fa-fusion-box inactive-icon awb-icon-plus\" aria-hidden=\"true\"><\/i><\/span><span class=\"fusion-toggle-heading\">Initial Public Offering (IPO)<\/span><\/a><\/h4><\/div><div id=\"501fce696fc3567f0\" class=\"panel-collapse collapse \" aria-labelledby=\"toggle_501fce696fc3567f0\"><div class=\"panel-body toggle-content fusion-clearfix\">\n<p>Angaria\u00e7\u00e3o de capital de modo a financiar estrat\u00e9gia de crescimento, via mercado de capitais, sendo poss\u00edvel atrav\u00e9s de uma coloca\u00e7\u00e3o p\u00fablica (IPO) ou coloca\u00e7\u00e3o privada no mercado Alternext , gerido pela Euronext (subsidi\u00e1ria da NYSE Euronext).<\/p>\n<p>Este tipo de opera\u00e7\u00e3o tem impl\u00edcito um conjunto de vantagens para as empresas admitidas das quais se destacam:<\/p>\n<p>\u2013 Obten\u00e7\u00e3o de Financiamento Via Aumento de Capital;<br \/>\n\u2013 Maior Liquidez;<br \/>\n\u2013 Valoriza\u00e7\u00e3o Permanente da Empresa;<br \/>\n\u2013 Potencia\u00e7\u00e3o de Processos de Internacionaliza\u00e7\u00e3o;<br \/>\n\u2013 Notoriedade e Credibilidade no Mercado;<br \/>\n\u2013 Promo\u00e7\u00e3o e Visibilidade;<br \/>\n\u2013 Motiva\u00e7\u00e3o dos RH<\/p>\n<\/div><\/div><\/div><div class=\"fusion-panel panel-default panel-3eafca626705d5461 fusion-toggle-no-divider fusion-toggle-boxed-mode\"><div class=\"panel-heading\"><h4 class=\"panel-title toggle\" id=\"toggle_3eafca626705d5461\"><a aria-expanded=\"false\" aria-controls=\"3eafca626705d5461\" role=\"button\" data-toggle=\"collapse\" data-parent=\"#accordion-1542-2\" data-target=\"#3eafca626705d5461\" href=\"#3eafca626705d5461\"><span class=\"fusion-toggle-icon-wrapper\" aria-hidden=\"true\"><i class=\"fa-fusion-box active-icon awb-icon-minus\" aria-hidden=\"true\"><\/i><i class=\"fa-fusion-box inactive-icon awb-icon-plus\" aria-hidden=\"true\"><\/i><\/span><span class=\"fusion-toggle-heading\">Fund Raising (Development)<\/span><\/a><\/h4><\/div><div id=\"3eafca626705d5461\" class=\"panel-collapse collapse \" aria-labelledby=\"toggle_3eafca626705d5461\"><div class=\"panel-body toggle-content fusion-clearfix\">\n<p><strong>Start-Up:<\/strong>\u00a0financiamento destinado a desenvolvimento do produto ou estrat\u00e9gia de marketing.<\/p>\n<p><strong>Early \u2013 Stage:<\/strong>\u00a0financiamento no desenvolvimento de empresas em in\u00edcio de ciclo de vida e que n\u00e3o atingiram ainda o break-even.<\/p>\n<p><strong>Expans\u00e3o:<\/strong>\u00a0Visa auxiliar o crescimento de empresa j\u00e1 estabelecida. Poder\u00e1 materializar-se na internacionaliza\u00e7\u00e3o, incremento da capacidade de produ\u00e7\u00e3o ou no desenvolvimento de um novo produto ou servi\u00e7o.<\/p>\n<\/div><\/div><\/div><\/div><\/div><\/div><\/div><\/div><\/div><div class=\"fusion-bg-parallax\" data-bg-align=\"center center\" data-direction=\"up\" data-mute=\"false\" data-opacity=\"100\" data-velocity=\"-0.3\" data-mobile-enabled=\"false\" data-break_parents=\"0\" data-bg-image=\"https:\/\/ecs-excellent.com\/wp-content\/uploads\/2021\/08\/ready_to_talk_cta_bg-Yellow-2.jpg\" data-bg-repeat=\"false\" ><\/div><div class=\"fusion-fullwidth fullwidth-box fusion-builder-row-4 fusion-flex-container fusion-parallax-up nonhundred-percent-fullwidth non-hundred-percent-height-scrolling\" style=\"--awb-border-sizes-top:0px;--awb-border-sizes-bottom:0px;--awb-border-sizes-left:0px;--awb-border-sizes-right:0px;--awb-border-radius-top-left:0px;--awb-border-radius-top-right:0px;--awb-border-radius-bottom-right:0px;--awb-border-radius-bottom-left:0px;--awb-padding-top:110px;--awb-padding-bottom:110px;--awb-background-image:url(&quot;https:\/\/ecs-excellent.com\/wp-content\/uploads\/2021\/08\/ready_to_talk_cta_bg-Yellow-2.jpg&quot;);--awb-background-size:cover;--awb-flex-wrap:wrap;\" ><div class=\"fusion-builder-row fusion-row fusion-flex-align-items-flex-start fusion-flex-justify-content-center fusion-flex-content-wrap\" style=\"max-width:1216.8px;margin-left: calc(-4% \/ 2 );margin-right: calc(-4% \/ 2 );\"><div class=\"fusion-layout-column fusion_builder_column fusion-builder-column-4 fusion_builder_column_1_1 1_1 fusion-flex-column\" style=\"--awb-bg-size:cover;--awb-width-large:100%;--awb-margin-top-large:3%;--awb-spacing-right-large:1.92%;--awb-margin-bottom-large:3%;--awb-spacing-left-large:1.92%;--awb-width-medium:100%;--awb-spacing-right-medium:1.92%;--awb-spacing-left-medium:1.92%;--awb-width-small:100%;--awb-spacing-right-small:1.92%;--awb-spacing-left-small:1.92%;\"><div class=\"fusion-column-wrapper fusion-flex-justify-content-flex-start fusion-content-layout-column\"><div class=\"fusion-title title fusion-title-3 fusion-sep-none fusion-title-center fusion-title-text fusion-title-size-two\" style=\"--awb-text-color:#ffffff;--awb-font-size:42px;\"><h2 class=\"fusion-title-heading title-heading-center fusion-responsive-typography-calculated\" style=\"margin:0;font-size:1em;--fontSize:42;line-height:1.1;\">Obtenha os melhores resultados em Corporate Finance<\/h2><\/div><div class=\"fusion-text fusion-text-2\"><\/div><div class=\"fusion-separator fusion-full-width-sep\" style=\"align-self: center;margin-left: auto;margin-right: auto;margin-top:20px;width:100%;\"><\/div><div style=\"text-align:center;\"><a class=\"fusion-button button-flat fusion-button-default-size button-default fusion-button-default button-1 fusion-button-default-span fusion-button-default-type\" target=\"_self\" href=\"https:\/\/ecs-excellent.com\/pt-pt\/contacto\/\"><span class=\"fusion-button-text\">Contacte-nos<\/span><\/a><\/div><\/div><\/div><\/div><\/div><\/p>\n","protected":false},"excerpt":{"rendered":"","protected":false},"author":3,"featured_media":0,"parent":0,"menu_order":0,"comment_status":"closed","ping_status":"closed","template":"100-width.php","meta":{"inline_featured_image":false,"footnotes":""},"class_list":["post-1542","page","type-page","status-publish","hentry"],"_links":{"self":[{"href":"https:\/\/ecs-excellent.com\/pt-pt\/wp-json\/wp\/v2\/pages\/1542"}],"collection":[{"href":"https:\/\/ecs-excellent.com\/pt-pt\/wp-json\/wp\/v2\/pages"}],"about":[{"href":"https:\/\/ecs-excellent.com\/pt-pt\/wp-json\/wp\/v2\/types\/page"}],"author":[{"embeddable":true,"href":"https:\/\/ecs-excellent.com\/pt-pt\/wp-json\/wp\/v2\/users\/3"}],"replies":[{"embeddable":true,"href":"https:\/\/ecs-excellent.com\/pt-pt\/wp-json\/wp\/v2\/comments?post=1542"}],"version-history":[{"count":21,"href":"https:\/\/ecs-excellent.com\/pt-pt\/wp-json\/wp\/v2\/pages\/1542\/revisions"}],"predecessor-version":[{"id":3481,"href":"https:\/\/ecs-excellent.com\/pt-pt\/wp-json\/wp\/v2\/pages\/1542\/revisions\/3481"}],"wp:attachment":[{"href":"https:\/\/ecs-excellent.com\/pt-pt\/wp-json\/wp\/v2\/media?parent=1542"}],"curies":[{"name":"wp","href":"https:\/\/api.w.org\/{rel}","templated":true}]}}